{"id":5046,"date":"2017-04-05T18:44:59","date_gmt":"2017-04-05T16:44:59","guid":{"rendered":"https:\/\/annepe.de\/contact\/mentions-legales\/"},"modified":"2025-07-23T09:11:36","modified_gmt":"2025-07-23T07:11:36","slug":"mentions-legales","status":"publish","type":"page","link":"https:\/\/annepe.de\/fr\/contact\/mentions-legales\/","title":{"rendered":"Mentions l\u00e9gales"},"content":{"rendered":"\t\t<div data-elementor-type=\"wp-page\" data-elementor-id=\"5046\" class=\"elementor elementor-5046 elementor-336\" data-elementor-post-type=\"page\">\n\t\t\t\t\t\t<section class=\"elementor-section elementor-top-section elementor-element elementor-element-f32e959 elementor-section-boxed elementor-section-height-default elementor-section-height-default\" data-id=\"f32e959\" data-element_type=\"section\" data-e-type=\"section\">\n\t\t\t\t\t\t<div class=\"elementor-container elementor-column-gap-default\">\n\t\t\t\t\t<div class=\"elementor-column elementor-col-100 elementor-top-column elementor-element elementor-element-1f308f9\" data-id=\"1f308f9\" data-element_type=\"column\" data-e-type=\"column\">\n\t\t\t<div class=\"elementor-widget-wrap elementor-element-populated\">\n\t\t\t\t\t\t<div class=\"elementor-element elementor-element-62ffd14 elementor-widget elementor-widget-text-editor\" data-id=\"62ffd14\" data-element_type=\"widget\" data-e-type=\"widget\" data-widget_type=\"text-editor.default\">\n\t\t\t\t<div class=\"elementor-widget-container\">\n\t\t\t\t\t\t\t\t\t<h1>Mentions l\u00e9gales<\/h1>\n<p>Anne Pfirrmann<br \/>Musicienne<br \/>Weierb\u00e4chle 17<br \/>77654 Offenburg<\/p>\n<h2>Contact<\/h2>\n<p>T\u00e9l\u00e9phone : 0781 9490615<br \/>E-mail : &#x69;&#110;f&#x6f;&#x40;&#97;n&#x6e;&#101;p&#x65;&#x2e;&#100;e<\/p>\n<h2>Responsable \u00e9ditorial<\/h2>\n<p>Anne Pfirrmann<br \/>Musicienne<br \/>Weierb\u00e4chle 17<br \/>77654 Offenburg<\/p>\n<h2>R\u00e8glement des litiges dans l&rsquo;UE<\/h2>\n<p>Tu trouveras notre adresse e-mail en haut dans les mentions l\u00e9gales.<\/p>\n<h2>R\u00e8glement des litiges de consommation\/Organisme de m\u00e9diation universel<\/h2>\n<p>On n&rsquo;est pas dispos\u00e9s ni oblig\u00e9s de participer \u00e0 une proc\u00e9dure de r\u00e8glement des litiges devant un organisme de m\u00e9diation de la consommation.<\/p>\n\t\t\t\t\t\t\t\t<\/div>\n\t\t\t\t<\/div>\n\t\t\t\t\t<\/div>\n\t\t<\/div>\n\t\t\t\t\t<\/div>\n\t\t<\/section>\n\t\t\t\t<\/div>\n\t\t","protected":false},"excerpt":{"rendered":"<p>Mentions l\u00e9gales Anne PfirrmannMusicienneWeierb\u00e4chle 1777654 Offenburg Contact T\u00e9l\u00e9phone : 0781 9490615E-mail : &#x69;&#110;&#x66;&#x6f;&#64;&#x61;&#110;n&#x65;&#112;e&#x2e;&#100;&#x65; Responsable \u00e9ditorial Anne PfirrmannMusicienneWeierb\u00e4chle 1777654 Offenburg R\u00e8glement des litiges dans l&rsquo;UE Tu trouveras notre adresse e-mail en haut dans les mentions l\u00e9gales. R\u00e8glement des litiges de consommation\/Organisme de m\u00e9diation universel On n&rsquo;est pas dispos\u00e9s ni oblig\u00e9s de participer \u00e0 une proc\u00e9dure de [&hellip;]<\/p>\n","protected":false},"author":1,"featured_media":5047,"parent":5023,"menu_order":0,"comment_status":"closed","ping_status":"closed","template":"elementor_header_footer","meta":{"_acf_changed":false,"footnotes":""},"class_list":["post-5046","page","type-page","status-publish","has-post-thumbnail","hentry"],"acf":[],"yoast_head":"<!-- This site is optimized with the Yoast SEO plugin v27.4 - https:\/\/yoast.com\/product\/yoast-seo-wordpress\/ -->\n<title>Anne Pe | Musikerin - Mentions l\u00e9gales<\/title>\n<meta name=\"description\" content=\"Anne Pe | Musikerin - Mentions l\u00e9gales - Tu trouveras ici mes mentions l\u00e9gales avec toutes les donn\u00e9es juridiques importantes pour toi ...\" \/>\n<meta name=\"robots\" content=\"index, follow, max-snippet:-1, max-image-preview:large, max-video-preview:-1\" \/>\n<link rel=\"canonical\" href=\"https:\/\/annepe.de\/fr\/contact\/mentions-legales\/\" \/>\n<meta property=\"og:locale\" content=\"fr_FR\" \/>\n<meta property=\"og:type\" content=\"article\" \/>\n<meta property=\"og:title\" content=\"Anne Pe | Musikerin - Mentions l\u00e9gales\" \/>\n<meta property=\"og:description\" content=\"Anne Pe | Musikerin - Mentions l\u00e9gales - Tu trouveras ici mes mentions l\u00e9gales avec toutes les donn\u00e9es juridiques importantes pour toi ...\" \/>\n<meta property=\"og:url\" content=\"https:\/\/annepe.de\/fr\/contact\/mentions-legales\/\" \/>\n<meta property=\"og:site_name\" content=\"Anne Pe | Musikerin\" \/>\n<meta property=\"article:publisher\" content=\"https:\/\/www.facebook.com\/AnnePeMusic\/\" \/>\n<meta property=\"article:modified_time\" content=\"2025-07-23T07:11:36+00:00\" \/>\n<meta property=\"og:image\" content=\"https:\/\/annepe.de\/wp-content\/uploads\/2024\/10\/DSF9842-scaled.jpg\" \/>\n\t<meta property=\"og:image:width\" content=\"2560\" \/>\n\t<meta property=\"og:image:height\" content=\"1707\" \/>\n\t<meta property=\"og:image:type\" content=\"image\/jpeg\" \/>\n<meta name=\"twitter:card\" content=\"summary_large_image\" \/>\n<script type=\"application\/ld+json\" class=\"yoast-schema-graph\">{\"@context\":\"https:\\\/\\\/schema.org\",\"@graph\":[{\"@type\":\"WebPage\",\"@id\":\"https:\\\/\\\/annepe.de\\\/fr\\\/contact\\\/mentions-legales\\\/\",\"url\":\"https:\\\/\\\/annepe.de\\\/fr\\\/contact\\\/mentions-legales\\\/\",\"name\":\"Anne Pe | Musikerin - Mentions l\u00e9gales\",\"isPartOf\":{\"@id\":\"https:\\\/\\\/annepe.de\\\/fr\\\/#website\"},\"primaryImageOfPage\":{\"@id\":\"https:\\\/\\\/annepe.de\\\/fr\\\/contact\\\/mentions-legales\\\/#primaryimage\"},\"image\":{\"@id\":\"https:\\\/\\\/annepe.de\\\/fr\\\/contact\\\/mentions-legales\\\/#primaryimage\"},\"thumbnailUrl\":\"https:\\\/\\\/annepe.de\\\/wp-content\\\/uploads\\\/2024\\\/10\\\/DSF9842-scaled.jpg\",\"datePublished\":\"2017-04-05T16:44:59+00:00\",\"dateModified\":\"2025-07-23T07:11:36+00:00\",\"description\":\"Anne Pe | Musikerin - Mentions l\u00e9gales - Tu trouveras ici mes mentions l\u00e9gales avec toutes les donn\u00e9es juridiques importantes pour toi ...\",\"breadcrumb\":{\"@id\":\"https:\\\/\\\/annepe.de\\\/fr\\\/contact\\\/mentions-legales\\\/#breadcrumb\"},\"inLanguage\":\"fr-FR\",\"potentialAction\":[{\"@type\":\"ReadAction\",\"target\":[\"https:\\\/\\\/annepe.de\\\/fr\\\/contact\\\/mentions-legales\\\/\"]}]},{\"@type\":\"ImageObject\",\"inLanguage\":\"fr-FR\",\"@id\":\"https:\\\/\\\/annepe.de\\\/fr\\\/contact\\\/mentions-legales\\\/#primaryimage\",\"url\":\"https:\\\/\\\/annepe.de\\\/wp-content\\\/uploads\\\/2024\\\/10\\\/DSF9842-scaled.jpg\",\"contentUrl\":\"https:\\\/\\\/annepe.de\\\/wp-content\\\/uploads\\\/2024\\\/10\\\/DSF9842-scaled.jpg\",\"width\":2560,\"height\":1707},{\"@type\":\"BreadcrumbList\",\"@id\":\"https:\\\/\\\/annepe.de\\\/fr\\\/contact\\\/mentions-legales\\\/#breadcrumb\",\"itemListElement\":[{\"@type\":\"ListItem\",\"position\":1,\"name\":\"Startseite\",\"item\":\"https:\\\/\\\/annepe.de\\\/fr\\\/\"},{\"@type\":\"ListItem\",\"position\":2,\"name\":\"Contact\",\"item\":\"https:\\\/\\\/annepe.de\\\/fr\\\/contact\\\/\"},{\"@type\":\"ListItem\",\"position\":3,\"name\":\"Mentions l\u00e9gales\"}]},{\"@type\":\"WebSite\",\"@id\":\"https:\\\/\\\/annepe.de\\\/fr\\\/#website\",\"url\":\"https:\\\/\\\/annepe.de\\\/fr\\\/\",\"name\":\"Anne Pe | Musikerin\",\"description\":\"\",\"publisher\":{\"@id\":\"https:\\\/\\\/annepe.de\\\/fr\\\/#organization\"},\"potentialAction\":[{\"@type\":\"SearchAction\",\"target\":{\"@type\":\"EntryPoint\",\"urlTemplate\":\"https:\\\/\\\/annepe.de\\\/fr\\\/?s={search_term_string}\"},\"query-input\":{\"@type\":\"PropertyValueSpecification\",\"valueRequired\":true,\"valueName\":\"search_term_string\"}}],\"inLanguage\":\"fr-FR\"},{\"@type\":\"Organization\",\"@id\":\"https:\\\/\\\/annepe.de\\\/fr\\\/#organization\",\"name\":\"Anne Pe | Musikerin\",\"url\":\"https:\\\/\\\/annepe.de\\\/fr\\\/\",\"logo\":{\"@type\":\"ImageObject\",\"inLanguage\":\"fr-FR\",\"@id\":\"https:\\\/\\\/annepe.de\\\/fr\\\/#\\\/schema\\\/logo\\\/image\\\/\",\"url\":\"https:\\\/\\\/annepe.de\\\/wp-content\\\/uploads\\\/2024\\\/10\\\/favicon.png\",\"contentUrl\":\"https:\\\/\\\/annepe.de\\\/wp-content\\\/uploads\\\/2024\\\/10\\\/favicon.png\",\"width\":256,\"height\":256,\"caption\":\"Anne Pe | Musikerin\"},\"image\":{\"@id\":\"https:\\\/\\\/annepe.de\\\/fr\\\/#\\\/schema\\\/logo\\\/image\\\/\"},\"sameAs\":[\"https:\\\/\\\/www.facebook.com\\\/AnnePeMusic\\\/\"]}]}<\/script>\n<!-- \/ Yoast SEO plugin. -->","yoast_head_json":{"title":"Anne Pe | Musikerin - Mentions l\u00e9gales","description":"Anne Pe | Musikerin - Mentions l\u00e9gales - Tu trouveras ici mes mentions l\u00e9gales avec toutes les donn\u00e9es juridiques importantes pour toi ...","robots":{"index":"index","follow":"follow","max-snippet":"max-snippet:-1","max-image-preview":"max-image-preview:large","max-video-preview":"max-video-preview:-1"},"canonical":"https:\/\/annepe.de\/fr\/contact\/mentions-legales\/","og_locale":"fr_FR","og_type":"article","og_title":"Anne Pe | Musikerin - Mentions l\u00e9gales","og_description":"Anne Pe | Musikerin - Mentions l\u00e9gales - Tu trouveras ici mes mentions l\u00e9gales avec toutes les donn\u00e9es juridiques importantes pour toi ...","og_url":"https:\/\/annepe.de\/fr\/contact\/mentions-legales\/","og_site_name":"Anne Pe | Musikerin","article_publisher":"https:\/\/www.facebook.com\/AnnePeMusic\/","article_modified_time":"2025-07-23T07:11:36+00:00","og_image":[{"width":2560,"height":1707,"url":"https:\/\/annepe.de\/wp-content\/uploads\/2024\/10\/DSF9842-scaled.jpg","type":"image\/jpeg"}],"twitter_card":"summary_large_image","schema":{"@context":"https:\/\/schema.org","@graph":[{"@type":"WebPage","@id":"https:\/\/annepe.de\/fr\/contact\/mentions-legales\/","url":"https:\/\/annepe.de\/fr\/contact\/mentions-legales\/","name":"Anne Pe | Musikerin - Mentions l\u00e9gales","isPartOf":{"@id":"https:\/\/annepe.de\/fr\/#website"},"primaryImageOfPage":{"@id":"https:\/\/annepe.de\/fr\/contact\/mentions-legales\/#primaryimage"},"image":{"@id":"https:\/\/annepe.de\/fr\/contact\/mentions-legales\/#primaryimage"},"thumbnailUrl":"https:\/\/annepe.de\/wp-content\/uploads\/2024\/10\/DSF9842-scaled.jpg","datePublished":"2017-04-05T16:44:59+00:00","dateModified":"2025-07-23T07:11:36+00:00","description":"Anne Pe | Musikerin - Mentions l\u00e9gales - Tu trouveras ici mes mentions l\u00e9gales avec toutes les donn\u00e9es juridiques importantes pour toi ...","breadcrumb":{"@id":"https:\/\/annepe.de\/fr\/contact\/mentions-legales\/#breadcrumb"},"inLanguage":"fr-FR","potentialAction":[{"@type":"ReadAction","target":["https:\/\/annepe.de\/fr\/contact\/mentions-legales\/"]}]},{"@type":"ImageObject","inLanguage":"fr-FR","@id":"https:\/\/annepe.de\/fr\/contact\/mentions-legales\/#primaryimage","url":"https:\/\/annepe.de\/wp-content\/uploads\/2024\/10\/DSF9842-scaled.jpg","contentUrl":"https:\/\/annepe.de\/wp-content\/uploads\/2024\/10\/DSF9842-scaled.jpg","width":2560,"height":1707},{"@type":"BreadcrumbList","@id":"https:\/\/annepe.de\/fr\/contact\/mentions-legales\/#breadcrumb","itemListElement":[{"@type":"ListItem","position":1,"name":"Startseite","item":"https:\/\/annepe.de\/fr\/"},{"@type":"ListItem","position":2,"name":"Contact","item":"https:\/\/annepe.de\/fr\/contact\/"},{"@type":"ListItem","position":3,"name":"Mentions l\u00e9gales"}]},{"@type":"WebSite","@id":"https:\/\/annepe.de\/fr\/#website","url":"https:\/\/annepe.de\/fr\/","name":"Anne Pe | Musikerin","description":"","publisher":{"@id":"https:\/\/annepe.de\/fr\/#organization"},"potentialAction":[{"@type":"SearchAction","target":{"@type":"EntryPoint","urlTemplate":"https:\/\/annepe.de\/fr\/?s={search_term_string}"},"query-input":{"@type":"PropertyValueSpecification","valueRequired":true,"valueName":"search_term_string"}}],"inLanguage":"fr-FR"},{"@type":"Organization","@id":"https:\/\/annepe.de\/fr\/#organization","name":"Anne Pe | Musikerin","url":"https:\/\/annepe.de\/fr\/","logo":{"@type":"ImageObject","inLanguage":"fr-FR","@id":"https:\/\/annepe.de\/fr\/#\/schema\/logo\/image\/","url":"https:\/\/annepe.de\/wp-content\/uploads\/2024\/10\/favicon.png","contentUrl":"https:\/\/annepe.de\/wp-content\/uploads\/2024\/10\/favicon.png","width":256,"height":256,"caption":"Anne Pe | Musikerin"},"image":{"@id":"https:\/\/annepe.de\/fr\/#\/schema\/logo\/image\/"},"sameAs":["https:\/\/www.facebook.com\/AnnePeMusic\/"]}]}},"_links":{"self":[{"href":"https:\/\/annepe.de\/fr\/wp-json\/wp\/v2\/pages\/5046","targetHints":{"allow":["GET"]}}],"collection":[{"href":"https:\/\/annepe.de\/fr\/wp-json\/wp\/v2\/pages"}],"about":[{"href":"https:\/\/annepe.de\/fr\/wp-json\/wp\/v2\/types\/page"}],"author":[{"embeddable":true,"href":"https:\/\/annepe.de\/fr\/wp-json\/wp\/v2\/users\/1"}],"replies":[{"embeddable":true,"href":"https:\/\/annepe.de\/fr\/wp-json\/wp\/v2\/comments?post=5046"}],"version-history":[{"count":0,"href":"https:\/\/annepe.de\/fr\/wp-json\/wp\/v2\/pages\/5046\/revisions"}],"up":[{"embeddable":true,"href":"https:\/\/annepe.de\/fr\/wp-json\/wp\/v2\/pages\/5023"}],"wp:featuredmedia":[{"embeddable":true,"href":"https:\/\/annepe.de\/fr\/wp-json\/wp\/v2\/media\/5047"}],"wp:attachment":[{"href":"https:\/\/annepe.de\/fr\/wp-json\/wp\/v2\/media?parent=5046"}],"curies":[{"name":"wp","href":"https:\/\/api.w.org\/{rel}","templated":true}]}}